{"id":4901,"date":"2024-04-16T16:49:07","date_gmt":"2024-04-16T14:49:07","guid":{"rendered":"https:\/\/serviciosagricolasalberto.es\/?page_id=4901"},"modified":"2025-10-20T12:20:03","modified_gmt":"2025-10-20T10:20:03","slug":"galeria","status":"publish","type":"page","link":"https:\/\/serviciosagricolasalberto.es\/en\/galeria\/","title":{"rendered":"Galer\u00eda"},"content":{"rendered":"<p>[et_pb_section fb_built=\u00bb1&#8243; admin_label=\u00bbHeader\u00bb _builder_version=\u00bb4.22.1&#8243; background_color=\u00bb#f1580c\u00bb use_background_color_gradient=\u00bbon\u00bb background_color_gradient_direction=\u00bb90deg\u00bb background_color_gradient_stops=\u00bbrgba(241,88,12,0) 0%|#000000 100%\u00bb background_color_gradient_overlays_image=\u00bbon\u00bb background_color_gradient_start=\u00bbrgba(241,88,12,0)\u00bb background_color_gradient_end=\u00bb#f1580c\u00bb background_image=\u00bbhttps:\/\/serviciosagricolasalberto.es\/wp-content\/uploads\/2024\/04\/IMG20200528094439-1024&#215;598-1-e1712334513541.jpg\u00bb custom_padding=\u00bb10vw|0px|10vw|0px|true|false\u00bb global_colors_info=\u00bb{}\u00bb][et_pb_row _builder_version=\u00bb4.16&#8243; global_colors_info=\u00bb{}\u00bb][et_pb_column type=\u00bb4_4&#8243; _builder_version=\u00bb4.16&#8243; custom_padding=\u00bb|||\u00bb global_colors_info=\u00bb{}\u00bb custom_padding__hover=\u00bb|||\u00bb][et_pb_text ul_type=\u00bbcircle\u00bb _builder_version=\u00bb4.16&#8243; text_font=\u00bb||||||||\u00bb text_font_size=\u00bb18px\u00bb text_line_height=\u00bb2em\u00bb ul_font=\u00bb||||||||\u00bb ul_font_size=\u00bb18px\u00bb ul_line_height=\u00bb2em\u00bb header_font=\u00bbMontserrat|700|||||||\u00bb header_font_size=\u00bb50px\u00bb header_line_height=\u00bb1.2em\u00bb text_orientation=\u00bbright\u00bb background_layout=\u00bbdark\u00bb max_width=\u00bb600px\u00bb module_alignment=\u00bbright\u00bb header_font_size_tablet=\u00bb40px\u00bb header_font_size_phone=\u00bb28px\u00bb header_font_size_last_edited=\u00bbon|phone\u00bb global_colors_info=\u00bb{}\u00bb]<\/p>\n<h1>Nuestra Galer\u00eda<\/h1>\n<p>[\/et_pb_text][\/et_pb_column][\/et_pb_row][\/et_pb_section][et_pb_section fb_built=\u00bb1&#8243; next_background_color=\u00bb#ffffff\u00bb admin_label=\u00bbVehicles Section\u00bb _builder_version=\u00bb4.16&#8243; use_background_color_gradient=\u00bbon\u00bb background_color_gradient_stops=\u00bb#ffffff 0%|#f1f5f9 100%\u00bb background_color_gradient_start=\u00bb#ffffff\u00bb background_color_gradient_end=\u00bb#f1f5f9&#8243; background_image=\u00bbhttps:\/\/serviciosagricolasalberto.es\/wp-content\/uploads\/2024\/03\/transportation-services-05.png\u00bb background_size=\u00bbinitial\u00bb background_position=\u00bbtop_left\u00bb bottom_divider_style=\u00bbramp2&#8243; bottom_divider_height=\u00bb250px\u00bb global_colors_info=\u00bb{}\u00bb][et_pb_row _builder_version=\u00bb4.16&#8243; custom_margin=\u00bb||30px|\u00bb global_colors_info=\u00bb{}\u00bb][et_pb_column type=\u00bb4_4&#8243; _builder_version=\u00bb4.16&#8243; custom_padding=\u00bb|||\u00bb global_colors_info=\u00bb{}\u00bb custom_padding__hover=\u00bb|||\u00bb][et_pb_image src=\u00bbhttps:\/\/serviciosagricolasalberto.es\/wp-content\/uploads\/2024\/04\/Mesa-de-trabajo-10.png\u00bb title_text=\u00bbMesa de trabajo 10&#8243; url=\u00bbtel:%20633%20757%20658&#8243; align=\u00bbcenter\u00bb _builder_version=\u00bb4.22.1&#8243; _module_preset=\u00bbdefault\u00bb width=\u00bb55%\u00bb global_colors_info=\u00bb{}\u00bb][\/et_pb_image][et_pb_text _builder_version=\u00bb4.22.1&#8243; text_font=\u00bb||||||||\u00bb text_font_size=\u00bb16px\u00bb text_line_height=\u00bb2em\u00bb header_font=\u00bb||||||||\u00bb header_2_font=\u00bbMontserrat|700|||||||\u00bb header_2_font_size=\u00bb36px\u00bb header_2_line_height=\u00bb1.4em\u00bb text_orientation=\u00bbcenter\u00bb max_width=\u00bb700px\u00bb module_alignment=\u00bbcenter\u00bb custom_margin=\u00bb-21px|||||\u00bb header_2_font_size_tablet=\u00bb26px\u00bb header_2_font_size_phone=\u00bb20px\u00bb header_2_font_size_last_edited=\u00bbon|phone\u00bb locked=\u00bboff\u00bb global_colors_info=\u00bb{}\u00bb]<\/p>\n<p><span>Hemos adquirido un profundo conocimiento y una pasi\u00f3n inquebrantable por el mundo agr\u00edcola, lo que nos permite comprender de manera \u00fanica las necesidades y desaf\u00edos a los que te enfrentas como agricultor.<\/span><\/p>\n<p>[\/et_pb_text][\/et_pb_column][\/et_pb_row][et_pb_row column_structure=\u00bb1_2,1_2&#8243; _builder_version=\u00bb4.22.1&#8243; max_width=\u00bb1280px\u00bb custom_margin=\u00bb40px||40px||true\u00bb custom_padding=\u00bb25px||25px||true\u00bb border_color_all=\u00bbrgba(0,0,0,0.1)\u00bb border_width_top=\u00bb1px\u00bb use_custom_width=\u00bbon\u00bb custom_width_px=\u00bb1280px\u00bb global_colors_info=\u00bb{}\u00bb][et_pb_column type=\u00bb1_2&#8243; _builder_version=\u00bb4.16&#8243; custom_padding=\u00bb|150px||\u00bb custom_padding_tablet=\u00bb|0px||\u00bb custom_padding_phone=\u00bb\u00bb custom_padding_last_edited=\u00bbon|desktop\u00bb global_colors_info=\u00bb{}\u00bb padding_tablet=\u00bb|0px||\u00bb padding_last_edited=\u00bbon|desktop\u00bb custom_padding__hover=\u00bb|||\u00bb padding_phone=\u00bb|0px||\u00bb][et_pb_image src=\u00bbhttps:\/\/serviciosagricolasalberto.es\/wp-content\/uploads\/2024\/04\/IMG_0763-scaled.jpg\u00bb title_text=\u00bbIMG_0763&#8243; _builder_version=\u00bb4.22.1&#8243; _module_preset=\u00bbdefault\u00bb global_colors_info=\u00bb{}\u00bb][\/et_pb_image][et_pb_image src=\u00bbhttps:\/\/serviciosagricolasalberto.es\/wp-content\/uploads\/2024\/04\/IMG20200528094439-1024&#215;598-1-e1712334513541.jpg\u00bb title_text=\u00bbIMG20200528094439-1024&#215;598&#8243; _builder_version=\u00bb4.22.1&#8243; _module_preset=\u00bbdefault\u00bb global_colors_info=\u00bb{}\u00bb][\/et_pb_image][et_pb_image src=\u00bbhttps:\/\/serviciosagricolasalberto.es\/wp-content\/uploads\/2024\/04\/4470695E-AAA2-421A-A821-7629A94FC28D-scaled.jpg\u00bb title_text=\u00bb4470695E-AAA2-421A-A821-7629A94FC28D\u00bb _builder_version=\u00bb4.22.1&#8243; _module_preset=\u00bbdefault\u00bb global_colors_info=\u00bb{}\u00bb][\/et_pb_image][et_pb_image src=\u00bbhttps:\/\/serviciosagricolasalberto.es\/wp-content\/uploads\/2024\/04\/9B217C3C-8C8F-4D1B-A686-A099A10EC280-scaled.jpg\u00bb title_text=\u00bb9B217C3C-8C8F-4D1B-A686-A099A10EC280&#8243; _builder_version=\u00bb4.22.1&#8243; _module_preset=\u00bbdefault\u00bb global_colors_info=\u00bb{}\u00bb][\/et_pb_image][et_pb_image src=\u00bbhttps:\/\/serviciosagricolasalberto.es\/wp-content\/uploads\/2024\/04\/29762005-imagen-de-un-tractor-empacado-de-heno-de-trabajo-en-un-campo-de-trigo-recien-cortado-1.jpg\u00bb title_text=\u00bb29762005-imagen-de-un-tractor-empacado-de-heno-de-trabajo-en-un-campo-de-trigo-reci\u00e9n-cortado\u00bb _builder_version=\u00bb4.22.1&#8243; _module_preset=\u00bbdefault\u00bb global_colors_info=\u00bb{}\u00bb][\/et_pb_image][et_pb_image src=\u00bbhttps:\/\/serviciosagricolasalberto.es\/wp-content\/uploads\/2024\/04\/b56b3504-9571-459c-830b-08585062efe0.jpg\u00bb title_text=\u00bbb56b3504-9571-459c-830b-08585062efe0&#8243; _builder_version=\u00bb4.22.1&#8243; _module_preset=\u00bbdefault\u00bb global_colors_info=\u00bb{}\u00bb][\/et_pb_image][et_pb_image src=\u00bbhttps:\/\/serviciosagricolasalberto.es\/wp-content\/uploads\/2024\/04\/94AEB553-636B-45E5-901D-E72820126B68-scaled.jpg\u00bb title_text=\u00bb94AEB553-636B-45E5-901D-E72820126B68&#8243; _builder_version=\u00bb4.22.1&#8243; _module_preset=\u00bbdefault\u00bb global_colors_info=\u00bb{}\u00bb][\/et_pb_image][et_pb_image src=\u00bbhttps:\/\/serviciosagricolasalberto.es\/wp-content\/uploads\/2024\/04\/photo_2024-04-11_13-49-24-2-e1713279308623.jpg\u00bb title_text=\u00bbphoto_2024-04-11_13-49-24 (2)\u00bb _builder_version=\u00bb4.22.1&#8243; _module_preset=\u00bbdefault\u00bb global_colors_info=\u00bb{}\u00bb][\/et_pb_image][\/et_pb_column][et_pb_column type=\u00bb1_2&#8243; _builder_version=\u00bb4.22.1&#8243; background_enable_image=\u00bboff\u00bb custom_padding=\u00bb|||\u00bb global_colors_info=\u00bb{}\u00bb custom_padding__hover=\u00bb|||\u00bb][et_pb_image src=\u00bbhttps:\/\/serviciosagricolasalberto.es\/wp-content\/uploads\/2024\/04\/1FB20B40-71D0-4227-9B7A-ECBA80275A1C-1-scaled-e1712570514387.jpg\u00bb title_text=\u00bb1FB20B40-71D0-4227-9B7A-ECBA80275A1C\u00bb _builder_version=\u00bb4.22.1&#8243; _module_preset=\u00bbdefault\u00bb global_colors_info=\u00bb{}\u00bb][\/et_pb_image][et_pb_image src=\u00bbhttps:\/\/serviciosagricolasalberto.es\/wp-content\/uploads\/2024\/04\/29589-1.jpg\u00bb title_text=\u00bb29589 (1)\u00bb _builder_version=\u00bb4.22.1&#8243; _module_preset=\u00bbdefault\u00bb global_colors_info=\u00bb{}\u00bb][\/et_pb_image][et_pb_image src=\u00bbhttps:\/\/serviciosagricolasalberto.es\/wp-content\/uploads\/2024\/04\/C291FAE8-0E82-44AF-9DC4-93703A405948.jpg\u00bb title_text=\u00bbC291FAE8-0E82-44AF-9DC4-93703A405948&#8243; _builder_version=\u00bb4.22.1&#8243; _module_preset=\u00bbdefault\u00bb global_colors_info=\u00bb{}\u00bb][\/et_pb_image][et_pb_image src=\u00bbhttps:\/\/serviciosagricolasalberto.es\/wp-content\/uploads\/2024\/04\/19357-e1712334102388.jpg\u00bb title_text=\u00bb19357&#8243; _builder_version=\u00bb4.22.1&#8243; _module_preset=\u00bbdefault\u00bb global_colors_info=\u00bb{}\u00bb][\/et_pb_image][et_pb_image src=\u00bbhttps:\/\/serviciosagricolasalberto.es\/wp-content\/uploads\/2024\/04\/EE9FF793-0966-40C6-B22A-86B8D4B64970-scaled-e1713279173136.jpg\u00bb title_text=\u00bbEE9FF793-0966-40C6-B22A-86B8D4B64970&#8243; _builder_version=\u00bb4.22.1&#8243; _module_preset=\u00bbdefault\u00bb global_colors_info=\u00bb{}\u00bb][\/et_pb_image][et_pb_image src=\u00bbhttps:\/\/serviciosagricolasalberto.es\/wp-content\/uploads\/2024\/03\/21578.jpg\u00bb title_text=\u00bb21578&#8243; _builder_version=\u00bb4.22.1&#8243; _module_preset=\u00bbdefault\u00bb global_colors_info=\u00bb{}\u00bb][\/et_pb_image][\/et_pb_column][\/et_pb_row][\/et_pb_section][et_pb_section fb_built=\u00bb1&#8243; _builder_version=\u00bb4.22.1&#8243; _module_preset=\u00bbdefault\u00bb custom_margin=\u00bb||1px|||\u00bb global_colors_info=\u00bb{}\u00bb][et_pb_row column_structure=\u00bb1_3,1_3,1_3&#8243; _builder_version=\u00bb4.22.1&#8243; _module_preset=\u00bbdefault\u00bb global_colors_info=\u00bb{}\u00bb][et_pb_column type=\u00bb1_3&#8243; _builder_version=\u00bb4.22.1&#8243; _module_preset=\u00bbdefault\u00bb global_colors_info=\u00bb{}\u00bb][et_pb_image src=\u00bbhttps:\/\/serviciosagricolasalberto.es\/wp-content\/uploads\/2024\/04\/Mesa-de-trabajo-5_1.png\u00bb title_text=\u00bbMesa de trabajo 5_1&#8243; _builder_version=\u00bb4.22.1&#8243; _module_preset=\u00bbdefault\u00bb global_colors_info=\u00bb{}\u00bb][\/et_pb_image][\/et_pb_column][et_pb_column type=\u00bb1_3&#8243; _builder_version=\u00bb4.22.1&#8243; _module_preset=\u00bbdefault\u00bb global_colors_info=\u00bb{}\u00bb][et_pb_text _builder_version=\u00bb4.22.1&#8243; _module_preset=\u00bbdefault\u00bb global_colors_info=\u00bb{}\u00bb]<\/p>\n<p style=\"text-align: center;\"><strong><span style=\"font-size: large; color: #000000;\">INFORMATION:<\/span><\/strong><\/p>\n<hr size=\"1px\" color=\"black\" \/>\n<ul>\n<li><span style=\"font-size: large;\"><strong><a href=\"https:\/\/serviciosagricolasalberto.es\/en\/aviso-legal\/\">Legal Notice<\/a><\/strong><\/span><\/li>\n<li><span style=\"font-size: large;\"><strong><a href=\"https:\/\/serviciosagricolasalberto.es\/en\/politica-de-privacidad\/\">Privacy policy<\/a><\/strong><\/span><\/li>\n<li><span style=\"font-size: large;\"><strong><a href=\"https:\/\/serviciosagricolasalberto.es\/en\/politica-de-cookies\/\">Cookie policy<\/a><\/strong><\/span><\/li>\n<\/ul>\n<p>[\/et_pb_text][\/et_pb_column][et_pb_column type=\u00bb1_3&#8243; _builder_version=\u00bb4.22.1&#8243; _module_preset=\u00bbdefault\u00bb global_colors_info=\u00bb{}\u00bb][et_pb_text _builder_version=\u00bb4.22.1&#8243; _module_preset=\u00bbdefault\u00bb global_colors_info=\u00bb{}\u00bb]<\/p>\n<p style=\"text-align: center;\"><strong><span style=\"font-size: large; color: #000000;\">CONTACT:<\/span><\/strong><\/p>\n<hr size=\"1px\" color=\"black\" \/>\n<ul>\n<li><span style=\"font-size: large;\"><b>633 757 658<\/b><\/span><\/li>\n<li><strong><a href=\"mailto:serviciosagricolasalberto@gmail.com\">serviciosagricolasalberto13@gmail.com<\/a><\/strong><\/li>\n<\/ul>\n<p>[\/et_pb_text][\/et_pb_column][\/et_pb_row][\/et_pb_section]<\/p>","protected":false},"excerpt":{"rendered":"<p>Nuestra Galer\u00edaHemos adquirido un profundo conocimiento y una pasi\u00f3n inquebrantable por el mundo agr\u00edcola, lo que nos permite comprender de manera \u00fanica las necesidades y desaf\u00edos a los que te enfrentas como agricultor.INFORMACI\u00d3N: Aviso Legal Pol\u00edtica de Privacidad Pol\u00edtica de Cookies CONTACTO: 633 757 658 serviciosagricolasalberto13@gmail.com<\/p>","protected":false},"author":1,"featured_media":0,"parent":0,"menu_order":0,"comment_status":"closed","ping_status":"closed","template":"","meta":{"_et_pb_use_builder":"on","_et_pb_old_content":"","_et_gb_content_width":"","_joinchat":[],"footnotes":""},"class_list":["post-4901","page","type-page","status-publish","hentry"],"yoast_head":"<!-- This site is optimized with the Yoast SEO plugin v24.5 - https:\/\/yoast.com\/wordpress\/plugins\/seo\/ -->\n<title>Galer\u00eda - Servicios Agricolas Alberto<\/title>\n<meta name=\"robots\" content=\"index, follow, max-snippet:-1, max-image-preview:large, max-video-preview:-1\" \/>\n<link rel=\"canonical\" href=\"https:\/\/serviciosagricolasalberto.es\/en\/galeria\/\" \/>\n<meta property=\"og:locale\" content=\"en_GB\" \/>\n<meta property=\"og:type\" content=\"article\" \/>\n<meta property=\"og:title\" content=\"Galer\u00eda - Servicios Agricolas Alberto\" \/>\n<meta property=\"og:description\" content=\"Nuestra Galer\u00edaHemos adquirido un profundo conocimiento y una pasi\u00f3n inquebrantable por el mundo agr\u00edcola, lo que nos permite comprender de manera \u00fanica las necesidades y desaf\u00edos a los que te enfrentas como agricultor.INFORMACI\u00d3N: Aviso Legal Pol\u00edtica de Privacidad Pol\u00edtica de Cookies CONTACTO: 633 757 658 serviciosagricolasalberto13@gmail.com\" \/>\n<meta property=\"og:url\" content=\"https:\/\/serviciosagricolasalberto.es\/en\/galeria\/\" \/>\n<meta property=\"og:site_name\" content=\"Servicios Agricolas Alberto\" \/>\n<meta property=\"article:modified_time\" content=\"2025-10-20T10:20:03+00:00\" \/>\n<meta name=\"twitter:card\" content=\"summary_large_image\" \/>\n<meta name=\"twitter:label1\" content=\"Estimated reading time\" \/>\n\t<meta name=\"twitter:data1\" content=\"6 minutes\" \/>\n<script type=\"application\/ld+json\" class=\"yoast-schema-graph\">{\"@context\":\"https:\/\/schema.org\",\"@graph\":[{\"@type\":\"WebPage\",\"@id\":\"https:\/\/serviciosagricolasalberto.es\/galeria\/\",\"url\":\"https:\/\/serviciosagricolasalberto.es\/galeria\/\",\"name\":\"Galer\u00eda - Servicios Agricolas Alberto\",\"isPartOf\":{\"@id\":\"https:\/\/serviciosagricolasalberto.es\/#website\"},\"datePublished\":\"2024-04-16T14:49:07+00:00\",\"dateModified\":\"2025-10-20T10:20:03+00:00\",\"breadcrumb\":{\"@id\":\"https:\/\/serviciosagricolasalberto.es\/galeria\/#breadcrumb\"},\"inLanguage\":\"en-GB\",\"potentialAction\":[{\"@type\":\"ReadAction\",\"target\":[\"https:\/\/serviciosagricolasalberto.es\/galeria\/\"]}]},{\"@type\":\"BreadcrumbList\",\"@id\":\"https:\/\/serviciosagricolasalberto.es\/galeria\/#breadcrumb\",\"itemListElement\":[{\"@type\":\"ListItem\",\"position\":1,\"name\":\"Portada\",\"item\":\"https:\/\/serviciosagricolasalberto.es\/\"},{\"@type\":\"ListItem\",\"position\":2,\"name\":\"Galer\u00eda\"}]},{\"@type\":\"WebSite\",\"@id\":\"https:\/\/serviciosagricolasalberto.es\/#website\",\"url\":\"https:\/\/serviciosagricolasalberto.es\/\",\"name\":\"Servicios Agricolas Alberto\",\"description\":\"Ofrecemos servicios agr\u00edcolas integrales en todo Castilla y Le\u00f3n.\",\"potentialAction\":[{\"@type\":\"SearchAction\",\"target\":{\"@type\":\"EntryPoint\",\"urlTemplate\":\"https:\/\/serviciosagricolasalberto.es\/?s={search_term_string}\"},\"query-input\":{\"@type\":\"PropertyValueSpecification\",\"valueRequired\":true,\"valueName\":\"search_term_string\"}}],\"inLanguage\":\"en-GB\"}]}<\/script>\n<!-- \/ Yoast SEO plugin. -->","yoast_head_json":{"title":"Galer\u00eda - Servicios Agricolas Alberto","robots":{"index":"index","follow":"follow","max-snippet":"max-snippet:-1","max-image-preview":"max-image-preview:large","max-video-preview":"max-video-preview:-1"},"canonical":"https:\/\/serviciosagricolasalberto.es\/en\/galeria\/","og_locale":"en_GB","og_type":"article","og_title":"Galer\u00eda - Servicios Agricolas Alberto","og_description":"Nuestra Galer\u00edaHemos adquirido un profundo conocimiento y una pasi\u00f3n inquebrantable por el mundo agr\u00edcola, lo que nos permite comprender de manera \u00fanica las necesidades y desaf\u00edos a los que te enfrentas como agricultor.INFORMACI\u00d3N: Aviso Legal Pol\u00edtica de Privacidad Pol\u00edtica de Cookies CONTACTO: 633 757 658 serviciosagricolasalberto13@gmail.com","og_url":"https:\/\/serviciosagricolasalberto.es\/en\/galeria\/","og_site_name":"Servicios Agricolas Alberto","article_modified_time":"2025-10-20T10:20:03+00:00","twitter_card":"summary_large_image","twitter_misc":{"Estimated reading time":"6 minutes"},"schema":{"@context":"https:\/\/schema.org","@graph":[{"@type":"WebPage","@id":"https:\/\/serviciosagricolasalberto.es\/galeria\/","url":"https:\/\/serviciosagricolasalberto.es\/galeria\/","name":"Galer\u00eda - Servicios Agricolas Alberto","isPartOf":{"@id":"https:\/\/serviciosagricolasalberto.es\/#website"},"datePublished":"2024-04-16T14:49:07+00:00","dateModified":"2025-10-20T10:20:03+00:00","breadcrumb":{"@id":"https:\/\/serviciosagricolasalberto.es\/galeria\/#breadcrumb"},"inLanguage":"en-GB","potentialAction":[{"@type":"ReadAction","target":["https:\/\/serviciosagricolasalberto.es\/galeria\/"]}]},{"@type":"BreadcrumbList","@id":"https:\/\/serviciosagricolasalberto.es\/galeria\/#breadcrumb","itemListElement":[{"@type":"ListItem","position":1,"name":"Portada","item":"https:\/\/serviciosagricolasalberto.es\/"},{"@type":"ListItem","position":2,"name":"Galer\u00eda"}]},{"@type":"WebSite","@id":"https:\/\/serviciosagricolasalberto.es\/#website","url":"https:\/\/serviciosagricolasalberto.es\/","name":"Servicios Agricolas Alberto","description":"Ofrecemos servicios agr\u00edcolas integrales en todo Castilla y Le\u00f3n.","potentialAction":[{"@type":"SearchAction","target":{"@type":"EntryPoint","urlTemplate":"https:\/\/serviciosagricolasalberto.es\/?s={search_term_string}"},"query-input":{"@type":"PropertyValueSpecification","valueRequired":true,"valueName":"search_term_string"}}],"inLanguage":"en-GB"}]}},"_links":{"self":[{"href":"https:\/\/serviciosagricolasalberto.es\/en\/wp-json\/wp\/v2\/pages\/4901","targetHints":{"allow":["GET"]}}],"collection":[{"href":"https:\/\/serviciosagricolasalberto.es\/en\/wp-json\/wp\/v2\/pages"}],"about":[{"href":"https:\/\/serviciosagricolasalberto.es\/en\/wp-json\/wp\/v2\/types\/page"}],"author":[{"embeddable":true,"href":"https:\/\/serviciosagricolasalberto.es\/en\/wp-json\/wp\/v2\/users\/1"}],"replies":[{"embeddable":true,"href":"https:\/\/serviciosagricolasalberto.es\/en\/wp-json\/wp\/v2\/comments?post=4901"}],"version-history":[{"count":8,"href":"https:\/\/serviciosagricolasalberto.es\/en\/wp-json\/wp\/v2\/pages\/4901\/revisions"}],"predecessor-version":[{"id":4929,"href":"https:\/\/serviciosagricolasalberto.es\/en\/wp-json\/wp\/v2\/pages\/4901\/revisions\/4929"}],"wp:attachment":[{"href":"https:\/\/serviciosagricolasalberto.es\/en\/wp-json\/wp\/v2\/media?parent=4901"}],"curies":[{"name":"wp","href":"https:\/\/api.w.org\/{rel}","templated":true}]}}